{"id":5,"date":"2020-03-25T14:50:07","date_gmt":"2020-03-25T13:50:07","guid":{"rendered":"http:\/\/www.physiotherapie.scottwerner.de\/?page_id=5"},"modified":"2025-11-16T16:27:05","modified_gmt":"2025-11-16T15:27:05","slug":"home","status":"publish","type":"page","link":"https:\/\/www.physiotherapie.scottwerner.de\/","title":{"rendered":"HOME"},"content":{"rendered":"\n<p class=\"has-text-align-center\" style=\"font-size:30px\">WILLKOMMEN BEI SCOTT WERNER PHYSIOTHERAPIE<\/p>\n\n\n\n<figure class=\"wp-block-embed is-type-video is-provider-vimeo wp-block-embed-vimeo wp-embed-aspect-16-9 wp-has-aspect-ratio\"><div class=\"wp-block-embed__wrapper\">\n<div class=\"nv-iframe-embed\"><iframe loading=\"lazy\" title=\"Scott Werner Physiotherapie\" src=\"https:\/\/player.vimeo.com\/video\/1137234337?dnt=1&amp;app_id=122963\" width=\"1200\" height=\"675\" frameborder=\"0\" allow=\"autoplay; fullscreen; picture-in-picture; clipboard-write; encrypted-media; web-share\" referrerpolicy=\"strict-origin-when-cross-origin\"><\/iframe><\/div>\n<\/div><\/figure>\n\n\n\n<p class=\"has-text-align-center\" style=\"font-size:25px\">SCHWERPUNKTE<\/p>\n\n\n\n<p class=\"has-text-align-center has-medium-font-size\">Krankengymnastik &#8211; KG<\/p>\n\n\n\n<p class=\"has-text-align-center has-medium-font-size\">Manuelle Therapie &#8211; MT<\/p>\n\n\n\n<p class=\"has-text-align-center has-medium-font-size\">Massage &#8211; KMT<\/p>\n\n\n\n<p class=\"has-text-align-center has-medium-font-size\">Manuelle Lymphdrainage &#8211; MLD<\/p>\n\n\n\n<p class=\"has-text-align-center has-medium-font-size\">Krankengymnastik am Ger\u00e4t &#8211; KGG<\/p>\n\n\n\n<p class=\"has-text-align-center has-medium-font-size\">Neurophysiologische Krankengymnastik &#8211; KG ZNS<\/p>\n\n\n\n<p><\/p>\n\n\n\n<p class=\"has-text-align-center\" style=\"font-size:25px\">WEITERE ANWENDUNGEN<\/p>\n\n\n\n<p class=\"has-text-align-center has-medium-font-size\">W\u00e4rme &#8211; WT<\/p>\n\n\n\n<p class=\"has-text-align-center has-medium-font-size\">W\u00e4rme &#8211; WT Naturmoor<\/p>\n\n\n\n<p class=\"has-text-align-center has-medium-font-size\">Hei\u00dfe Rolle &#8211; HR<\/p>\n\n\n\n<p class=\"has-text-align-center has-medium-font-size\">K\u00e4ltetherapie &#8211; KT<\/p>\n\n\n\n<p class=\"has-text-align-center has-medium-font-size\">Ultraschall &#8211; US<\/p>\n\n\n\n<p class=\"has-text-align-center has-medium-font-size\">Elektrotherapie -ET<\/p>\n\n\n\n<p class=\"has-text-align-center has-medium-font-size\">Kinesiotaping<\/p>\n","protected":false},"excerpt":{"rendered":"<p>WILLKOMMEN BEI SCOTT WERNER PHYSIOTHERAPIE SCHWERPUNKTE Krankengymnastik &#8211; KG Manuelle Therapie &#8211; MT Massage &#8211; KMT Manuelle Lymphdrainage &#8211; MLD Krankengymnastik am Ger\u00e4t &#8211; KGG Neurophysiologische Krankengymnastik &#8211; KG ZNS WEITERE ANWENDUNGEN W\u00e4rme &#8211; WT W\u00e4rme &#8211; WT Naturmoor Hei\u00dfe Rolle &#8211; HR K\u00e4ltetherapie &#8211; KT Ultraschall &#8211; US Elektrotherapie -ET Kinesiotaping<\/p>\n","protected":false},"author":1,"featured_media":0,"parent":0,"menu_order":0,"comment_status":"closed","ping_status":"closed","template":"","meta":{"neve_meta_sidebar":"full-width","neve_meta_container":"","neve_meta_enable_content_width":"on","neve_meta_content_width":100,"neve_meta_title_alignment":"","neve_meta_author_avatar":"","neve_post_elements_order":"","neve_meta_disable_header":"","neve_meta_disable_footer":"","neve_meta_disable_title":"","footnotes":""},"class_list":["post-5","page","type-page","status-publish","hentry"],"_links":{"self":[{"href":"https:\/\/www.physiotherapie.scottwerner.de\/index.php?rest_route=\/wp\/v2\/pages\/5","targetHints":{"allow":["GET"]}}],"collection":[{"href":"https:\/\/www.physiotherapie.scottwerner.de\/index.php?rest_route=\/wp\/v2\/pages"}],"about":[{"href":"https:\/\/www.physiotherapie.scottwerner.de\/index.php?rest_route=\/wp\/v2\/types\/page"}],"author":[{"embeddable":true,"href":"https:\/\/www.physiotherapie.scottwerner.de\/index.php?rest_route=\/wp\/v2\/users\/1"}],"replies":[{"embeddable":true,"href":"https:\/\/www.physiotherapie.scottwerner.de\/index.php?rest_route=%2Fwp%2Fv2%2Fcomments&post=5"}],"version-history":[{"count":21,"href":"https:\/\/www.physiotherapie.scottwerner.de\/index.php?rest_route=\/wp\/v2\/pages\/5\/revisions"}],"predecessor-version":[{"id":226,"href":"https:\/\/www.physiotherapie.scottwerner.de\/index.php?rest_route=\/wp\/v2\/pages\/5\/revisions\/226"}],"wp:attachment":[{"href":"https:\/\/www.physiotherapie.scottwerner.de\/index.php?rest_route=%2Fwp%2Fv2%2Fmedia&parent=5"}],"curies":[{"name":"wp","href":"https:\/\/api.w.org\/{rel}","templated":true}]}}